{"id":3107,"date":"2022-08-30T19:51:09","date_gmt":"2022-08-30T18:51:09","guid":{"rendered":"https:\/\/vdesign.smarthost.pl\/mellow\/job-offers\/"},"modified":"2022-11-23T01:45:37","modified_gmt":"2022-11-23T01:45:37","slug":"job-offers","status":"publish","type":"page","link":"https:\/\/mellow.com.pl\/en\/job-offers\/","title":{"rendered":"Job offers"},"content":{"rendered":"\t\t<div data-elementor-type=\"wp-page\" data-elementor-id=\"3107\" class=\"elementor elementor-3107 elementor-2181\">\n\t\t\t\t\t\t<section class=\"elementor-section elementor-top-section elementor-element elementor-element-918d244 elementor-section-full_width elementor-section-height-min-height elementor-section-height-default elementor-section-items-middle\" data-id=\"918d244\" data-element_type=\"section\" data-settings=\"{&quot;background_background&quot;:&quot;classic&quot;}\">\n\t\t\t\t\t\t<div class=\"elementor-container elementor-column-gap-no\">\n\t\t\t\t\t<div class=\"elementor-column elementor-col-100 elementor-top-column elementor-element elementor-element-b37e2c3\" data-id=\"b37e2c3\" data-element_type=\"column\">\n\t\t\t<div class=\"elementor-widget-wrap\">\n\t\t\t\t\t\t\t<\/div>\n\t\t<\/div>\n\t\t\t\t\t<\/div>\n\t\t<\/section>\n\t\t\t\t<section class=\"elementor-section elementor-top-section elementor-element elementor-element-1f1ecfc elementor-section-boxed elementor-section-height-default elementor-section-height-default\" data-id=\"1f1ecfc\" data-element_type=\"section\" data-settings=\"{&quot;background_background&quot;:&quot;classic&quot;}\">\n\t\t\t\t\t\t<div class=\"elementor-container elementor-column-gap-no\">\n\t\t\t\t\t<div class=\"elementor-column elementor-col-100 elementor-top-column elementor-element elementor-element-5b292c1\" data-id=\"5b292c1\" data-element_type=\"column\">\n\t\t\t<div class=\"elementor-widget-wrap elementor-element-populated\">\n\t\t\t\t\t\t<section class=\"elementor-section elementor-inner-section elementor-element elementor-element-290e767 elementor-section-height-min-height elementor-section-content-middle elementor-section-boxed elementor-section-height-default\" data-id=\"290e767\" data-element_type=\"section\">\n\t\t\t\t\t\t<div class=\"elementor-container elementor-column-gap-no\">\n\t\t\t\t\t<div class=\"elementor-column elementor-col-100 elementor-inner-column elementor-element elementor-element-38bb0b4\" data-id=\"38bb0b4\" data-element_type=\"column\">\n\t\t\t<div class=\"elementor-widget-wrap elementor-element-populated\">\n\t\t\t\t\t\t<div class=\"elementor-element elementor-element-f16338a animated-fast elementor-invisible elementor-widget elementor-widget-heading\" data-id=\"f16338a\" data-element_type=\"widget\" data-settings=\"{&quot;_animation&quot;:&quot;slideInDown&quot;,&quot;_animation_delay&quot;:200}\" data-widget_type=\"heading.default\">\n\t\t\t\t<div class=\"elementor-widget-container\">\n\t\t\t<h1 class=\"elementor-heading-title elementor-size-default\">Current job offers at Mellow<\/h1>\t\t<\/div>\n\t\t\t\t<\/div>\n\t\t\t\t<div class=\"elementor-element elementor-element-4ac174b elementor-invisible elementor-widget elementor-widget-heading\" data-id=\"4ac174b\" data-element_type=\"widget\" data-settings=\"{&quot;_animation&quot;:&quot;slideInUp&quot;,&quot;_animation_delay&quot;:600}\" data-widget_type=\"heading.default\">\n\t\t\t\t<div class=\"elementor-widget-container\">\n\t\t\t<h5 class=\"elementor-heading-title elementor-size-default\">Mo\u017ce to w\u0142a\u015bnie Ciebie szukamy!<\/h5>\t\t<\/div>\n\t\t\t\t<\/div>\n\t\t\t\t\t<\/div>\n\t\t<\/div>\n\t\t\t\t\t<\/div>\n\t\t<\/section>\n\t\t\t\t<div class=\"elementor-element elementor-element-4ed7439 elementor-widget elementor-widget-shortcode\" data-id=\"4ed7439\" data-element_type=\"widget\" data-widget_type=\"shortcode.default\">\n\t\t\t\t<div class=\"elementor-widget-container\">\n\t\t\t\t\t<div class=\"elementor-shortcode\">\n\n<div class=\"oferty-pracy\">\n\t\t\n\t<div class=\"repeater-wrapper\">\n\n\t\t\t\t\t\t\t\n\t\t<div class=\"repeater-item\">\n\t\t\t\n\t\t\t<div class=\"repeater-inner-box\">\n\t\t\t\t\n\t\t\t\t<div class=\"inner-content\">\n\t\t\t\t\t\t\t\t\t\t<h5>New Business Manager<\/h5>\n\t\t\t\t\t\n\t\t\t\t\t\t\t\t\t\t\tKrak\u00f3w - Sidzina\t\t\t\t\t\t\t\t\t<\/div>\n\n\t\t\t\t\n\t\t\t<\/div>\n\t\t\t\n\t\t\t<div class=\"offer-content\">\n\t\t\t\t\n\t\t\t\t\t\t\t\t<div><h6>Do zakresu obowi\u0105zk\u00f3w osoby zatrudnionej na tym stanowisku b\u0119d\u0105 nale\u017ca\u0142y m.in.:<\/h6>\n\t\t\t\t\t<ul>\n<li>Pozyskiwanie nowych klient\u00f3w oraz utrzymywanie dobrych relacji z obecnymi klientami firmy.<\/li>\n<li>Przygotowywanie ofert.<\/li>\n<li>Wdra\u017canie pozyskanych zlece\u0144 do produkcji oraz nadz\u00f3r nad nimi.<\/li>\n<li>Dbanie o w\u0142a\u015bciwy obieg dokument\u00f3w.<\/li>\n<li>Wsp\u00f3\u0142praca ze wszystkimi dzia\u0142ami firmy w zakresie bie\u017c\u0105cej dzia\u0142alno\u015bci sp\u00f3\u0142ki.<\/li>\n<li>Analiza rynku pod k\u0105tem nowym mo\u017cliwo\u015bci sprzeda\u017cy oraz pozyskiwanie nowych klient\u00f3w w kraju oraz za granic\u0105.<\/li>\n<li>Udzia\u0142 w targach bran\u017cowych.<\/li>\n<li>Negocjacje handlowe, wizyty handlowe u partner\u00f3w.<\/li>\n<\/ul>\n<\/div>\n\t\t\t\t\n\t\t\t\t\t\t\t\t<div><h6>Od kandydat\u00f3w oczekujemy:<\/h6>\n\t\t\t\t\t<ul>\n<li>Do\u015bwiadczenie w bran\u017cy poligraficznej na podobnym stanowisku.<\/li>\n<li>Komunikatywno\u015bci i otwarto\u015bci.<\/li>\n<li>Dobrej organizacji pracy oraz samodzielno\u015bci.<\/li>\n<li>Umiej\u0119tno\u015bci pracy pod presj\u0105 czasu.<\/li>\n<li>Wysokiej kultury osobistej oraz odpowiedzialno\u015bci<\/li>\n<li>Czynnego prawa jazdy kat. B.<\/li>\n<\/ul>\n<\/div>\n\t\t\t\t\n\t\t\t\t\t\t\t\t<div><h6>Mile widziane:<\/h6>\n\t\t\t\t\t<ul>\n<li>Znajomo\u015b\u0107 j\u0119zyka angielskiego, niemieckiego lub francuskiego.<\/li>\n<\/ul>\n<\/div>\n\t\t\t\t\n\t\t\t\t\t\t\t\t<div><h6>Oferujemy:<\/h6>\n\t\t\t\t\t<ul>\n<li>Prac\u0119 w ambitnym, nastawionym na sukces zespole.<\/li>\n<li>Ciekaw\u0105 i samodzieln\u0105 prac\u0119.<\/li>\n<li>Mo\u017cliwo\u015b\u0107 rozwoju.<\/li>\n<li>Umow\u0119 o prac\u0119.<\/li>\n<li>Narz\u0119dzia niezb\u0119dne do wykonywania pracy.<\/li>\n<\/ul>\n<\/div>\n\t\t\t\t\t\t\t<\/div>\n\t\t\t\n\t\t<\/div>\n\n\t\t\t\n\t\t<div class=\"repeater-item\">\n\t\t\t\n\t\t\t<div class=\"repeater-inner-box\">\n\t\t\t\t\n\t\t\t\t<div class=\"inner-content\">\n\t\t\t\t\t\t\t\t\t\t<h5>Pracownik Drukarni \/ Introligator <\/h5>\n\t\t\t\t\t\n\t\t\t\t\t\t\t\t\t\t\tKrak\u00f3w - Sidzina\t\t\t\t\t\t\t\t\t<\/div>\n\n\t\t\t\t\t\t\t\t\t<a href=\"https:\/\/mellow.com.pl\/wp-content\/uploads\/2022\/08\/2020.10_DOK.pdf\" target=\"_blank\">PDF<\/a>\n\t\t\t\t\n\t\t\t<\/div>\n\t\t\t\n\t\t\t<div class=\"offer-content\">\n\t\t\t\t\n\t\t\t\t\t\t\t\t<div><h6>Do zakresu obowi\u0105zk\u00f3w osoby zatrudnionej na tym stanowisku b\u0119d\u0105 nale\u017ca\u0142y m.in.:<\/h6>\n\t\t\t\t\t<ul>\n<li>Umiej\u0119tno\u015bci budowania relacji z Klientem<\/li>\n<li>Analitycznego my\u015blenia<\/li>\n<li>Wysokiej kultury osobistej<\/li>\n<li>Trafnej analizy potrzeb Klienta<\/li>\n<li>Swobody w nawi\u0105zywaniu kontakt\u00f3w i prowadzeniu rozm\u00f3w handlowych<\/li>\n<li>Samodzielnej organizacji pracy oraz umiej\u0119tno\u015bci pracy w zespole<\/li>\n<li>Podstawowej znajomo\u015bci program\u00f3w graficznych<\/li>\n<li>Znajomo\u015b\u0107 bran\u017cy poligraficznej b\u0119dzie dodatkowym atutem<\/li>\n<\/ul>\n<\/div>\n\t\t\t\t\n\t\t\t\t\n\t\t\t\t\n\t\t\t\t\t\t\t\t<div><h6>Oferujemy:<\/h6>\n\t\t\t\t\t<ul>\n<li>Przejrzyst\u0105 polityk\u0119 firmy<\/li>\n<li>Stabilno\u015b\u0107 zatrudnienia<\/li>\n<li>Prac\u0119 w m\u0142odym zgranym zespole<\/li>\n<li>Umow\u0119 o prac\u0119<\/li>\n<\/ul>\n<\/div>\n\t\t\t\t\t\t\t<\/div>\n\t\t\t\n\t\t<\/div>\n\n\t\t\t\n\t\t<div class=\"repeater-item\">\n\t\t\t\n\t\t\t<div class=\"repeater-inner-box\">\n\t\t\t\t\n\t\t\t\t<div class=\"inner-content\">\n\t\t\t\t\t\t\t\t\t\t<h5>Operator sk\u0142adarko - sklejarki<\/h5>\n\t\t\t\t\t\n\t\t\t\t\t\t\t\t\t\t\tKrak\u00f3w - Sidzina\t\t\t\t\t\t\t\t\t<\/div>\n\n\t\t\t\t\t\t\t\t\t<a href=\"https:\/\/mellow.com.pl\/wp-content\/uploads\/2022\/08\/2020.09_OPERATOR_SKLADARKO_SKLEJARKI.pdf\" target=\"_blank\">PDF<\/a>\n\t\t\t\t\n\t\t\t<\/div>\n\t\t\t\n\t\t\t<div class=\"offer-content\">\n\t\t\t\t\n\t\t\t\t\t\t\t\t<div><h6>Do zakresu obowi\u0105zk\u00f3w osoby zatrudnionej na tym stanowisku b\u0119d\u0105 nale\u017ca\u0142y m.in.:<\/h6>\n\t\t\t\t\t<ul>\n<li>obs\u0142uga sk\u0142adarko-sklejarki,<\/li>\n<li>wykonywanie prac introligatorskich zgodnie z ustalonym harmonogramem,<\/li>\n<li>dbanie o stan techniczny i czysto\u015b\u0107 maszyny.<\/li>\n<\/ul>\n<\/div>\n\t\t\t\t\n\t\t\t\t\t\t\t\t<div><h6>Od kandydat\u00f3w oczekujemy:<\/h6>\n\t\t\t\t\t<ul>\n<li>do\u015bwiadczenia w pracy na sk\u0142adarko &#8211; sklejarce,<\/li>\n<li>znajomo\u015bci bran\u017cy poligraficznej,<\/li>\n<li>elastyczno\u015bci i gotowo\u015bci do pracy w systemie II\/III zmianowym,<\/li>\n<li>zaanga\u017cowania i rzetelno\u015bci,<\/li>\n<li>dok\u0142adno\u015bci i dba\u0142o\u015bci o szczeg\u00f3\u0142y<\/li>\n<li>terminowo\u015bci w realizacji wyznaczonych zada\u0144.<\/li>\n<\/ul>\n<\/div>\n\t\t\t\t\n\t\t\t\t\n\t\t\t\t\t\t\t\t<div><h6>Oferujemy:<\/h6>\n\t\t\t\t\t<ul>\n<li>stabilno\u015b\u0107 zatrudnienia w oparciu o umow\u0119 o prac\u0119,<\/li>\n<li>prac\u0119 na nowoczesnym parku maszynowym,<\/li>\n<li>mo\u017cliwo\u015b\u0107 rozwoju zawodowego i awansu,<\/li>\n<li>prac\u0119 w firmie o ugruntowanej pozycji na rynku,<\/li>\n<li>dynamiczne \u015brodowisko i przyjazn\u0105 atmosfer\u0119 pracy.<\/li>\n<\/ul>\n<\/div>\n\t\t\t\t\t\t\t<\/div>\n\t\t\t\n\t\t<\/div>\n\n\t\t\t\n\t\t<div class=\"repeater-item\">\n\t\t\t\n\t\t\t<div class=\"repeater-inner-box\">\n\t\t\t\t\n\t\t\t\t<div class=\"inner-content\">\n\t\t\t\t\t\t\t\t\t\t<h5>Obs\u0142uga Klienta \u2013 Drukarnia Cyfrowa<\/h5>\n\t\t\t\t\t\n\t\t\t\t\t\t\t\t\t\t\tKrak\u00f3w - Sidzina\t\t\t\t\t\t\t\t\t<\/div>\n\n\t\t\t\t\n\t\t\t<\/div>\n\t\t\t\n\t\t\t<div class=\"offer-content\">\n\t\t\t\t\n\t\t\t\t\n\t\t\t\t\n\t\t\t\t\n\t\t\t\t\t\t\t<\/div>\n\t\t\t\n\t\t<\/div>\n\n\t\t\t\n\t\t<div class=\"repeater-item\">\n\t\t\t\n\t\t\t<div class=\"repeater-inner-box\">\n\t\t\t\t\n\t\t\t\t<div class=\"inner-content\">\n\t\t\t\t\t\t\t\t\t\t<h5>Specjalista ds. social media<\/h5>\n\t\t\t\t\t\n\t\t\t\t\t\t\t\t\t\t\tKrak\u00f3w - Sidzina\t\t\t\t\t\t\t\t\t<\/div>\n\n\t\t\t\t\t\t\t\t\t<a href=\"https:\/\/mellow.com.pl\/wp-content\/uploads\/2022\/08\/2020.10_SM.pdf\" target=\"_blank\">PDF<\/a>\n\t\t\t\t\n\t\t\t<\/div>\n\t\t\t\n\t\t\t<div class=\"offer-content\">\n\t\t\t\t\n\t\t\t\t\n\t\t\t\t\t\t\t\t<div><h6>Od kandydat\u00f3w oczekujemy:<\/h6>\n\t\t\t\t\t<ul>\n<li>w internecie czujesz si\u0119 jak ryba w wodzie,<\/li>\n<li>masz tzw. \u201elekkie pi\u00f3ro,<\/li>\n<li>posiadasz do\u015bwiadczenie w prowadzeniu fanpage na Facebooku i kont na Instagramie oraz Pinterest,<\/li>\n<li>potrafisz organizowa\u0107 kampanie reklamowe na social mediach,<\/li>\n<li>masz pomys\u0142y na nieszablonowe dzia\u0142ania promocyjne,<\/li>\n<li>pod\u0105\u017casz za trendami w mediach spo\u0142eczno\u015bciowych,<\/li>\n<li>umiesz pracowa\u0107 w programach do obr\u00f3bki graficznej,<\/li>\n<li>jeste\u015b osob\u0105 samodzieln\u0105 i dobrze zorganizowan\u0105,<\/li>\n<li>lubisz pracowa\u0107 w zespole.<\/li>\n<\/ul>\n<\/div>\n\t\t\t\t\n\t\t\t\t\n\t\t\t\t\t\t\t\t<div><h6>Oferujemy:<\/h6>\n\t\t\t\t\t<p>Mo\u017cemy zaoferowa\u0107 Ci zatrudnienie w stabilnym zespole, na podstawie umowy o prac\u0119. Atrakcyjne wynagrodzenie, wzrastaj\u0105ce wraz z Twoim zaanga\u017cowaniem w realizowane zadania.<\/p>\n<\/div>\n\t\t\t\t\t\t\t<\/div>\n\t\t\t\n\t\t<\/div>\n\n\t\t\t\n\t\t<div class=\"repeater-item\">\n\t\t\t\n\t\t\t<div class=\"repeater-inner-box\">\n\t\t\t\t\n\t\t\t\t<div class=\"inner-content\">\n\t\t\t\t\t\t\t\t\t\t<h5>Operator automatu sztancuj\u0105co - z\u0142oc\u0105cego<\/h5>\n\t\t\t\t\t\n\t\t\t\t\t\t\t\t\t\t\t Krak\u00f3w - Sidzina\t\t\t\t\t\t\t\t\t<\/div>\n\n\t\t\t\t\t\t\t\t\t<a href=\"https:\/\/mellow.com.pl\/wp-content\/uploads\/2022\/08\/2020.09_AUTOMATU_SZTANUJACO_ZLOCACEGO.pdf\" target=\"_blank\">PDF<\/a>\n\t\t\t\t\n\t\t\t<\/div>\n\t\t\t\n\t\t\t<div class=\"offer-content\">\n\t\t\t\t\n\t\t\t\t\t\t\t\t<div><h6>Do zakresu obowi\u0105zk\u00f3w osoby zatrudnionej na tym stanowisku b\u0119d\u0105 nale\u017ca\u0142y m.in.:<\/h6>\n\t\t\t\t\t<ul>\n<li>obs\u0142uga automatu sztancuj\u0105cego lub sztancuj\u0105co &#8211; z\u0142oc\u0105cego,<\/li>\n<li>wykonywanie prac introligatorskich zgodnie z ustalonym harmonogramem,<\/li>\n<li>dbanie o stan techniczny i czysto\u015b\u0107 maszyny.<\/li>\n<\/ul>\n<\/div>\n\t\t\t\t\n\t\t\t\t\t\t\t\t<div><h6>Od kandydat\u00f3w oczekujemy:<\/h6>\n\t\t\t\t\t<ul>\n<li>do\u015bwiadczenia obs\u0142udze automatu sztancuj\u0105cego lub sztancuj\u0105co &#8211; z\u0142oc\u0105cego,<\/li>\n<li>znajomo\u015bci bran\u017cy poligraficznej,<\/li>\n<li>elastyczno\u015bci i gotowo\u015bci do pracy w systemie II\/III zmianowym,<\/li>\n<li>zaanga\u017cowania i rzetelno\u015bci,<\/li>\n<li>dok\u0142adno\u015bci i dba\u0142o\u015bci o szczeg\u00f3\u0142y,<\/li>\n<li>terminowo\u015bci w realizacji wyznaczonych zada\u0144.<\/li>\n<\/ul>\n<\/div>\n\t\t\t\t\n\t\t\t\t\n\t\t\t\t\t\t\t\t<div><h6>Oferujemy:<\/h6>\n\t\t\t\t\t<ul>\n<li>stabilno\u015b\u0107 zatrudnienia w oparciu o umow\u0119 o prac\u0119,<\/li>\n<li>prac\u0119 na nowoczesnym parku maszynowym,<\/li>\n<li>prac\u0119 w firmie o ugruntowanej pozycji na rynku,<\/li>\n<li>dynamiczne \u015brodowisko i przyjazn\u0105 atmosfer\u0119 pracy.<\/li>\n<\/ul>\n<\/div>\n\t\t\t\t\t\t\t<\/div>\n\t\t\t\n\t\t<\/div>\n\n\t\t\n\t<\/div>\n<\/div>\n\n\n\n\n<style>\n.oferty-pracy h5 {\n\tfont-weight: 500;\n\tline-height: 1.2em;\n\tfont-size: 20px;\n\tcolor: #F9013A;\n\tmargin: 0;\n}\n.offer-content {\n    margin-top: 40px;\n\tfont-size: 16px;\n\tdisplay: flex;\n    flex-direction: row;\n    grid-column-gap: 50px;\n    grid-row-gap: 30px;\n    flex-wrap: wrap;\n}\n.offer-content div {\n    width: calc(50% - 25px);\n}\n\n.oferty-pracy h6 {\n\tfont-weight: 500;\n\tline-height: 1.5em;\n\tfont-size: 15px;\n\tmargin: 0 0 10px;\n}\n.oferty-pracy ul {\n   padding-left: 20px;\n\tfont-size: 14px;\n}\n.oferty-pracy p {\n\tfont-size: 14px;\n}\n.oferty-pracy .repeater-wrapper {\n\tdisplay: flex;\n    flex-direction: column;\n    grid-gap: 50px;\n}\n.oferty-pracy .repeater-item {\n\twidth: 100%;\n    color: #1b1b1b;\n\tfont-size: 18px;\n    background: #fff;\n    padding: 50px;\n    display: flex;\n    flex-direction: column;\n    border-radius: 30px;\n}\n.oferty-pracy .repeater-inner-box {\n\tdisplay: flex;\n    flex-direction: row;\n    align-items: flex-start;\n    justify-content: space-between;\n\tgrid-gap: 20px;\n    margin-top: auto;\n}\n.oferty-pracy .repeater-inner-box img {\n    width: auto;\n    height: 60px;\n    object-fit: contain;\n\tbackground: #fff;\n\tpadding: 5px;\n\tborder-radius: 5px;\n}\n\n.oferty-pracy a {\n\tfont-family: \"Ubuntu\";\n    font-size: 18px;\n    font-weight: 400;\n    line-height: 1.5em;\n    color: #F9013A;\n\ttransition: ease-in-out .3s;\n}\n.oferty-pracy a:hover {\n    color: #1b1b1b;\n}\n.oferty-pracy a:before {\n    content: url('\/wp-content\/uploads\/2022\/09\/icon-7.svg');\n    display: inline-block;\n\tvertical-align: middle;\n\tmargin-right: 10px;\n\ttransform: scale(.85);\n}\n\n\t\n@media (max-width: 1024px) {\n.oferty-pracy .repeater-wrapper {\n\tgrid-gap: 40px;\n}\n.offer-content {\n    margin-top: 30px;\n    flex-direction: column;\n    grid-row-gap: 20px;\n}\n.offer-content div {\n    width: 100%;\n}}\n\t\n@media (max-width: 767px) {\n.oferty-pracy .repeater-wrapper {\n\tgrid-gap: 30px;\n}\n.oferty-pracy .repeater-inner-box .inner-content {\n\tmax-width: 70%;\n}\n.oferty-pracy .repeater-item {\n\tpadding: 25px;\n\tfont-size: 16px;\n}\n.oferty-pracy h5 {\n\tfont-size: 18px;\n}\n.oferty-pracy a {\n\tfont-size: 16px;\n}}\n\n<\/style><\/div>\n\t\t\t\t<\/div>\n\t\t\t\t<\/div>\n\t\t\t\t\t<\/div>\n\t\t<\/div>\n\t\t\t\t\t<\/div>\n\t\t<\/section>\n\t\t\t\t<section class=\"elementor-section elementor-top-section elementor-element elementor-element-da36429 elementor-section-full_width elementor-section-height-default elementor-section-height-default\" data-id=\"da36429\" data-element_type=\"section\">\n\t\t\t\t\t\t<div class=\"elementor-container elementor-column-gap-no\">\n\t\t\t\t\t<div class=\"elementor-column elementor-col-100 elementor-top-column elementor-element elementor-element-8f934a1\" data-id=\"8f934a1\" data-element_type=\"column\">\n\t\t\t<div class=\"elementor-widget-wrap elementor-element-populated\">\n\t\t\t\t\t\t<div class=\"elementor-element elementor-element-96f9a58 elementor-widget elementor-widget-template\" data-id=\"96f9a58\" data-element_type=\"widget\" data-widget_type=\"template.default\">\n\t\t\t\t<div class=\"elementor-widget-container\">\n\t\t\t\t\t<div class=\"elementor-template\">\n\t\t\t\t\t<div data-elementor-type=\"section\" data-elementor-id=\"2863\" class=\"elementor elementor-2863 elementor-1139\">\n\t\t\t\t\t<div class=\"elementor-section-wrap\">\n\t\t\t\t\t\t\t\t<section class=\"elementor-section elementor-top-section elementor-element elementor-element-1d900490 elementor-section-boxed elementor-section-height-default elementor-section-height-default\" data-id=\"1d900490\" data-element_type=\"section\" id=\"kontakt\">\n\t\t\t\t\t\t<div class=\"elementor-container elementor-column-gap-no\">\n\t\t\t\t\t<div class=\"elementor-column elementor-col-100 elementor-top-column elementor-element elementor-element-20e2841a\" data-id=\"20e2841a\" data-element_type=\"column\" data-settings=\"{&quot;background_background&quot;:&quot;classic&quot;}\">\n\t\t\t<div class=\"elementor-widget-wrap elementor-element-populated\">\n\t\t\t\t\t\t<div class=\"elementor-element elementor-element-3fd41573 animated-fast elementor-invisible elementor-widget elementor-widget-heading\" data-id=\"3fd41573\" data-element_type=\"widget\" data-settings=\"{&quot;_animation&quot;:&quot;slideInDown&quot;,&quot;_animation_delay&quot;:100}\" data-widget_type=\"heading.default\">\n\t\t\t\t<div class=\"elementor-widget-container\">\n\t\t\t<h3 class=\"elementor-heading-title elementor-size-default\">Do you have questions about your project?<\/h3>\t\t<\/div>\n\t\t\t\t<\/div>\n\t\t\t\t<div class=\"elementor-element elementor-element-48b12f8e elementor-invisible elementor-widget elementor-widget-heading\" data-id=\"48b12f8e\" data-element_type=\"widget\" data-settings=\"{&quot;_animation&quot;:&quot;slideInUp&quot;,&quot;_animation_delay&quot;:800}\" data-widget_type=\"heading.default\">\n\t\t\t\t<div class=\"elementor-widget-container\">\n\t\t\t<h5 class=\"elementor-heading-title elementor-size-default\">Contact us<\/h5>\t\t<\/div>\n\t\t\t\t<\/div>\n\t\t\t\t<div class=\"elementor-element elementor-element-10405667 elementor-button-align-center elementor-widget elementor-widget-form\" data-id=\"10405667\" data-element_type=\"widget\" data-settings=\"{&quot;step_next_label&quot;:&quot;Next&quot;,&quot;step_previous_label&quot;:&quot;Previous&quot;,&quot;button_width&quot;:&quot;100&quot;,&quot;step_type&quot;:&quot;number_text&quot;,&quot;step_icon_shape&quot;:&quot;circle&quot;}\" data-widget_type=\"form.default\">\n\t\t\t\t<div class=\"elementor-widget-container\">\n\t\t\t\t\t<form class=\"elementor-form\" method=\"post\" name=\"New form\">\n\t\t\t<input type=\"hidden\" name=\"post_id\" value=\"2863\"\/>\n\t\t\t<input type=\"hidden\" name=\"form_id\" value=\"10405667\"\/>\n\t\t\t<input type=\"hidden\" name=\"referer_title\" value=\"\" \/>\n\n\t\t\t\n\t\t\t<div class=\"elementor-form-fields-wrapper elementor-labels-above\">\n\t\t\t\t\t\t\t\t<div class=\"elementor-field-type-text elementor-field-group elementor-column elementor-field-group-name elementor-col-50\">\n\t\t\t\t\t\t\t\t\t\t\t\t<label for=\"form-field-name\" class=\"elementor-field-label\">\n\t\t\t\t\t\t\t\tFirst name and last name\t\t\t\t\t\t\t<\/label>\n\t\t\t\t\t\t\t\t\t\t\t\t\t\t<input size=\"1\" type=\"text\" name=\"form_fields[name]\" id=\"form-field-name\" class=\"elementor-field elementor-size-sm  elementor-field-textual\" placeholder=\"First name and last name\">\n\t\t\t\t\t\t\t\t\t\t\t<\/div>\n\t\t\t\t\t\t\t\t<div class=\"elementor-field-type-text elementor-field-group elementor-column elementor-field-group-field_c4f5cda elementor-col-50\">\n\t\t\t\t\t\t\t\t\t\t\t\t<label for=\"form-field-field_c4f5cda\" class=\"elementor-field-label\">\n\t\t\t\t\t\t\t\tCompany name\t\t\t\t\t\t\t<\/label>\n\t\t\t\t\t\t\t\t\t\t\t\t\t\t<input size=\"1\" type=\"text\" name=\"form_fields[field_c4f5cda]\" id=\"form-field-field_c4f5cda\" class=\"elementor-field elementor-size-sm  elementor-field-textual\" placeholder=\"Company name\">\n\t\t\t\t\t\t\t\t\t\t\t<\/div>\n\t\t\t\t\t\t\t\t<div class=\"elementor-field-type-email elementor-field-group elementor-column elementor-field-group-email elementor-col-50 elementor-field-required\">\n\t\t\t\t\t\t\t\t\t\t\t\t<label for=\"form-field-email\" class=\"elementor-field-label\">\n\t\t\t\t\t\t\t\tE-mail\t\t\t\t\t\t\t<\/label>\n\t\t\t\t\t\t\t\t\t\t\t\t\t\t<input size=\"1\" type=\"email\" name=\"form_fields[email]\" id=\"form-field-email\" class=\"elementor-field elementor-size-sm  elementor-field-textual\" placeholder=\"E-mail\" required=\"required\" aria-required=\"true\">\n\t\t\t\t\t\t\t\t\t\t\t<\/div>\n\t\t\t\t\t\t\t\t<div class=\"elementor-field-type-tel elementor-field-group elementor-column elementor-field-group-field_cb7dd36 elementor-col-50\">\n\t\t\t\t\t\t\t\t\t\t\t\t<label for=\"form-field-field_cb7dd36\" class=\"elementor-field-label\">\n\t\t\t\t\t\t\t\tPhone number\t\t\t\t\t\t\t<\/label>\n\t\t\t\t\t\t\t\t<input size=\"1\" type=\"tel\" name=\"form_fields[field_cb7dd36]\" id=\"form-field-field_cb7dd36\" class=\"elementor-field elementor-size-sm  elementor-field-textual\" placeholder=\"Phone number\" pattern=\"[0-9()#&amp;+*-=.]+\" title=\"Only numbers and phone characters (#, -, *, etc) are accepted.\">\n\n\t\t\t\t\t\t<\/div>\n\t\t\t\t\t\t\t\t<div class=\"elementor-field-type-textarea elementor-field-group elementor-column elementor-field-group-message elementor-col-100\">\n\t\t\t\t\t\t\t\t\t\t\t\t<label for=\"form-field-message\" class=\"elementor-field-label\">\n\t\t\t\t\t\t\t\tMessage\t\t\t\t\t\t\t<\/label>\n\t\t\t\t\t\t<textarea class=\"elementor-field-textual elementor-field  elementor-size-sm\" name=\"form_fields[message]\" id=\"form-field-message\" rows=\"6\" placeholder=\"Message\"><\/textarea>\t\t\t\t<\/div>\n\t\t\t\t\t\t\t\t<div class=\"elementor-field-type-acceptance elementor-field-group elementor-column elementor-field-group-field_97ce133 elementor-col-100 elementor-field-required\">\n\t\t\t\t\t\t\t<div class=\"elementor-field-subgroup\">\n\t\t\t<span class=\"elementor-field-option\">\n\t\t\t\t<input type=\"checkbox\" name=\"form_fields[field_97ce133]\" id=\"form-field-field_97ce133\" class=\"elementor-field elementor-size-sm  elementor-acceptance-field\" required=\"required\" aria-required=\"true\">\n\t\t\t\t<label for=\"form-field-field_97ce133\">I consent to the processing of my personal data by Mellow Sp. z o.o., in order to send me commercial information in accordance with the <a href=\"https:\/\/mellow.com.pl\/polityka-prywatnosci\/\" target=\"_blank\">privacy policy<\/a>. I am aware that I can withdraw this consent at any time.<\/label>\t\t\t<\/span>\n\t\t<\/div>\n\t\t\t\t\t\t<\/div>\n\t\t\t\t\t\t\t\t<div class=\"elementor-field-group elementor-column elementor-field-type-submit elementor-col-100 e-form__buttons\">\n\t\t\t\t\t<button type=\"submit\" class=\"elementor-button elementor-size-sm\">\n\t\t\t\t\t\t<span >\n\t\t\t\t\t\t\t\t\t\t\t\t\t\t\t<span class=\"elementor-align-icon-right elementor-button-icon\">\n\t\t\t\t\t\t\t\t\t<svg xmlns=\"http:\/\/www.w3.org\/2000\/svg\" width=\"6\" height=\"10\" viewBox=\"0 0 6 10\" fill=\"none\"><path d=\"M0.956093 8.91112L5.15609 4.71112C5.18466 4.68463 5.20744 4.65252 5.22303 4.61682C5.23861 4.58111 5.24665 4.54257 5.24665 4.50362C5.24665 4.46466 5.23861 4.42612 5.22303 4.39042C5.20744 4.35471 5.18466 4.32261 5.15609 4.29612L0.956093 0.0891169C0.929524 0.060685 0.897393 0.0380168 0.861698 0.0225187C0.826004 0.0070206 0.787506 -0.000976562 0.748592 -0.000976562C0.709678 -0.000976562 0.671181 0.0070206 0.635487 0.0225187C0.599792 0.0380168 0.567661 0.060685 0.541092 0.0891169L0.0900917 0.540117C0.0616599 0.566686 0.0389928 0.598815 0.0234947 0.63451C0.00799665 0.670204 0 0.708703 0 0.747617C0 0.786531 0.00799665 0.82503 0.0234947 0.860724C0.0389928 0.896419 0.0616599 0.928548 0.0900917 0.955117L3.63509 4.49912L0.0900917 8.04512C0.0616599 8.07169 0.0389928 8.10381 0.0234947 8.13951C0.00799665 8.1752 0 8.2137 0 8.25262C0 8.29153 0.00799665 8.33003 0.0234947 8.36572C0.0389928 8.40142 0.0616599 8.43355 0.0900917 8.46012L0.541092 8.91112C0.567661 8.93955 0.599792 8.96222 0.635487 8.97772C0.671181 8.99321 0.709678 9.00121 0.748592 9.00121C0.787506 9.00121 0.826004 8.99321 0.861698 8.97772C0.897393 8.96222 0.929524 8.93955 0.956093 8.91112Z\" fill=\"#F9013A\"><\/path><\/svg>\t\t\t\t\t\t\t\t\t\t\t\t\t\t\t\t\t<\/span>\n\t\t\t\t\t\t\t\t\t\t\t\t\t\t\t\t\t\t\t\t\t\t<span class=\"elementor-button-text\">Send a message<\/span>\n\t\t\t\t\t\t\t\t\t\t\t\t\t<\/span>\n\t\t\t\t\t<\/button>\n\t\t\t\t<\/div>\n\t\t\t<\/div>\n\t\t<\/form>\n\t\t\t\t<\/div>\n\t\t\t\t<\/div>\n\t\t\t\t\t<\/div>\n\t\t<\/div>\n\t\t\t\t\t<\/div>\n\t\t<\/section>\n\t\t\t\t\t\t\t<\/div>\n\t\t\t\t<\/div>\n\t\t\t\t<\/div>\n\t\t\t\t<\/div>\n\t\t\t\t<\/div>\n\t\t\t\t\t<\/div>\n\t\t<\/div>\n\t\t\t\t\t<\/div>\n\t\t<\/section>\n\t\t\t\t<\/div>\n\t\t","protected":false},"excerpt":{"rendered":"<p>Current job offers at Mellow Mo\u017ce to w\u0142a\u015bnie Ciebie szukamy!<\/p>\n","protected":false},"author":1,"featured_media":0,"parent":0,"menu_order":0,"comment_status":"closed","ping_status":"closed","template":"elementor_header_footer","meta":{"footnotes":""},"class_list":["post-3107","page","type-page","status-publish","hentry"],"acf":[],"_links":{"self":[{"href":"https:\/\/mellow.com.pl\/en\/wp-json\/wp\/v2\/pages\/3107","targetHints":{"allow":["GET"]}}],"collection":[{"href":"https:\/\/mellow.com.pl\/en\/wp-json\/wp\/v2\/pages"}],"about":[{"href":"https:\/\/mellow.com.pl\/en\/wp-json\/wp\/v2\/types\/page"}],"author":[{"embeddable":true,"href":"https:\/\/mellow.com.pl\/en\/wp-json\/wp\/v2\/users\/1"}],"replies":[{"embeddable":true,"href":"https:\/\/mellow.com.pl\/en\/wp-json\/wp\/v2\/comments?post=3107"}],"version-history":[{"count":1,"href":"https:\/\/mellow.com.pl\/en\/wp-json\/wp\/v2\/pages\/3107\/revisions"}],"predecessor-version":[{"id":3803,"href":"https:\/\/mellow.com.pl\/en\/wp-json\/wp\/v2\/pages\/3107\/revisions\/3803"}],"wp:attachment":[{"href":"https:\/\/mellow.com.pl\/en\/wp-json\/wp\/v2\/media?parent=3107"}],"curies":[{"name":"wp","href":"https:\/\/api.w.org\/{rel}","templated":true}]}}