{"id":3096,"date":"2022-08-30T13:57:18","date_gmt":"2022-08-30T13:57:18","guid":{"rendered":"https:\/\/vdesign.smarthost.pl\/mellow\/eu-funds\/"},"modified":"2022-10-06T20:42:34","modified_gmt":"2022-10-06T20:42:34","slug":"eu-funds","status":"publish","type":"page","link":"https:\/\/mellow.com.pl\/en\/eu-funds\/","title":{"rendered":"EU funds"},"content":{"rendered":"\t\t<div data-elementor-type=\"wp-page\" data-elementor-id=\"3096\" class=\"elementor elementor-3096\">\n\t\t\t\t\t\t<section class=\"elementor-section elementor-top-section elementor-element elementor-element-38335d7 elementor-section-boxed elementor-section-height-default elementor-section-height-default\" data-id=\"38335d7\" data-element_type=\"section\" data-settings=\"{&quot;background_background&quot;:&quot;classic&quot;}\">\n\t\t\t\t\t\t<div class=\"elementor-container elementor-column-gap-no\">\n\t\t\t\t\t<div class=\"elementor-column elementor-col-100 elementor-top-column elementor-element elementor-element-a1d43bb\" data-id=\"a1d43bb\" data-element_type=\"column\">\n\t\t\t<div class=\"elementor-widget-wrap elementor-element-populated\">\n\t\t\t\t\t\t<div class=\"elementor-element elementor-element-8c1f302 elementor-widget elementor-widget-text-editor\" data-id=\"8c1f302\" data-element_type=\"widget\" data-widget_type=\"text-editor.default\">\n\t\t\t\t<div class=\"elementor-widget-container\">\n\t\t\t\t\t\t\t<p><img fetchpriority=\"high\" decoding=\"async\" class=\"aligncenter wp-image-2172 size-large\" src=\"https:\/\/mellow.com.pl\/wp-content\/uploads\/2022\/08\/FE_RP_UEEFSiI-1024x168.jpg\" alt=\"\" width=\"800\" height=\"131\"><\/p>\n<p style=\"text-align: center;\">Tytu\u0142 projektu:<\/p>\n<p style=\"text-align: center;\"><strong><em>\u201eWdro\u017cenie innowacyjnej technologii w przedsi\u0119biorstwie Mellow w celu<br \/>wprowadzenia do oferty nowych produkt\u00f3w poligraficznych\u201d<\/em><\/strong><\/p>\n<p style=\"text-align: center;\"><em>Projekt realizowany w ramach Poddzia\u0142ania 3.2.1 Badania na rynek<br \/><\/em><em>Programu Operacyjnego Inteligentny Rozw\u00f3j na lata 2014-2020<br \/><\/em><em>wsp\u00f3\u0142finansowanego ze \u015brodk\u00f3w Europejskiego Funduszu Rozwoju Regionalnego<\/em><\/p>\n<p style=\"text-align: center;\">Podstawowym celem Projektu jest wzmocnienie aktywno\u015bci gospodarczej i konkurencyjno\u015bci przedsi\u0119biorstwa Mellow Sp\u00f3\u0142ka z ograniczon\u0105 odpowiedzialno\u015bci\u0105 poprzez wdro\u017cenie wynik\u00f3w prac B + R i wprowadzenie na rynek nowej innowacyjnej w skali mi\u0119dzynarodowej technologii zabezpieczania materia\u0142\u00f3w poligraficznych przed kopiowaniem.<\/p>\n<p style=\"text-align: center;\">Ca\u0142kowity koszt netto realizacji projektu:<\/p>\n<p style=\"text-align: center;\"><strong>10 578 500,00 PLN<\/strong><\/p>\n<p style=\"text-align: center;\">Ca\u0142kowita kwota wydatk\u00f3w kwalifikowanych:<\/p>\n<p style=\"text-align: center;\"><strong>10 095 940,00 PLN<\/strong><\/p>\n<p style=\"text-align: center;\">Wk\u0142ad Funduszy Europejskich:<\/p>\n<p style=\"text-align: center;\"><strong>4 543 173,00 PLN<\/strong><\/p>\n<p style=\"text-align: center;\">Okres realizacji:<\/p>\n<p style=\"text-align: center;\"><strong>01.01.2018 \u2013 31.10.2019<\/strong><\/p>\n<p style=\"text-align: center;\"><strong> <\/strong><\/p>\n<p><strong> <img fetchpriority=\"high\" decoding=\"async\" class=\"aligncenter wp-image-2172 size-large\" src=\"https:\/\/mellow.com.pl\/wp-content\/uploads\/2022\/08\/FE_RP_UEEFSiI-1024x168.jpg\" alt=\"\" width=\"800\" height=\"131\"><\/strong><\/p>\n<p style=\"text-align: center;\">Informujemy \u017ce firma <strong>Mellow<\/strong> Sp\u00f3\u0142ka z ograniczon\u0105 odpowiedzialno\u015bci\u0105 podpisa\u0142a umow\u0119 o dofinansowanie projektu w ramach dzia\u0142ania 3.4 Dotacje na kapita\u0142 obrotowy Programu Operacyjnego Inteligentny Rozw\u00f3j 2014-2020, wsp\u00f3\u0142finansowanego ze \u015brodk\u00f3w Europejskiego Funduszu Rozwoju Regionalnego.<\/p>\n<p style=\"text-align: center;\">Numer umowy: <strong>POIR.03.04.00-12-0240\/20-002-00<\/strong><\/p>\n<p style=\"text-align: center;\">Cel projektu: <strong>wsparcie przedsi\u0119biorcy w zakresie zapewnienia p\u0142ynno\u015bci finansowej oraz wsparcia bie\u017c\u0105cej dzia\u0142alno\u015bci w zwi\u0105zku z trudno\u015bciami finansowymi, kt\u00f3re wyst\u0105pi\u0142y u przedsi\u0119biorcy wskutek epidemii COVID-19.<\/strong><\/p>\n<p style=\"text-align: center;\">Warto\u015b\u0107 projektu: <strong>117 056,25 PLN<\/strong><\/p>\n\t\t\t\t\t\t<\/div>\n\t\t\t\t<\/div>\n\t\t\t\t\t<\/div>\n\t\t<\/div>\n\t\t\t\t\t<\/div>\n\t\t<\/section>\n\t\t\t\t<\/div>\n\t\t","protected":false},"excerpt":{"rendered":"<p>Tytu\u0142 projektu: \u201eWdro\u017cenie innowacyjnej technologii w przedsi\u0119biorstwie Mellow w celuwprowadzenia do oferty nowych produkt\u00f3w poligraficznych\u201d Projekt realizowany w ramach Poddzia\u0142ania 3.2.1 Badania na rynekProgramu Operacyjnego Inteligentny Rozw\u00f3j na lata 2014-2020wsp\u00f3\u0142finansowanego ze \u015brodk\u00f3w Europejskiego Funduszu Rozwoju Regionalnego Podstawowym celem Projektu jest wzmocnienie aktywno\u015bci gospodarczej i konkurencyjno\u015bci przedsi\u0119biorstwa Mellow Sp\u00f3\u0142ka z ograniczon\u0105 odpowiedzialno\u015bci\u0105 poprzez wdro\u017cenie wynik\u00f3w prac [&hellip;]<\/p>\n","protected":false},"author":1,"featured_media":0,"parent":0,"menu_order":0,"comment_status":"closed","ping_status":"closed","template":"elementor_header_footer","meta":{"footnotes":""},"class_list":["post-3096","page","type-page","status-publish","hentry"],"acf":[],"_links":{"self":[{"href":"https:\/\/mellow.com.pl\/en\/wp-json\/wp\/v2\/pages\/3096","targetHints":{"allow":["GET"]}}],"collection":[{"href":"https:\/\/mellow.com.pl\/en\/wp-json\/wp\/v2\/pages"}],"about":[{"href":"https:\/\/mellow.com.pl\/en\/wp-json\/wp\/v2\/types\/page"}],"author":[{"embeddable":true,"href":"https:\/\/mellow.com.pl\/en\/wp-json\/wp\/v2\/users\/1"}],"replies":[{"embeddable":true,"href":"https:\/\/mellow.com.pl\/en\/wp-json\/wp\/v2\/comments?post=3096"}],"version-history":[{"count":1,"href":"https:\/\/mellow.com.pl\/en\/wp-json\/wp\/v2\/pages\/3096\/revisions"}],"predecessor-version":[{"id":3799,"href":"https:\/\/mellow.com.pl\/en\/wp-json\/wp\/v2\/pages\/3096\/revisions\/3799"}],"wp:attachment":[{"href":"https:\/\/mellow.com.pl\/en\/wp-json\/wp\/v2\/media?parent=3096"}],"curies":[{"name":"wp","href":"https:\/\/api.w.org\/{rel}","templated":true}]}}